{"id":1105,"date":"2024-08-21T07:32:38","date_gmt":"2024-08-21T07:32:38","guid":{"rendered":"https:\/\/fluent.aryavarttls.org\/?page_id=1105"},"modified":"2024-08-21T07:45:56","modified_gmt":"2024-08-21T07:45:56","slug":"imprint","status":"publish","type":"page","link":"https:\/\/fluent.aryavarttls.org\/en\/imprint\/","title":{"rendered":"Imprint"},"content":{"rendered":"<div data-elementor-type=\"wp-page\" data-elementor-id=\"1105\" class=\"elementor elementor-1105\" data-elementor-post-type=\"page\">\n\t\t\t\t<div class=\"elementor-element elementor-element-70cf878 e-flex e-con-boxed e-con e-parent\" data-id=\"70cf878\" data-element_type=\"container\" data-e-type=\"container\" data-settings=\"{&quot;background_background&quot;:&quot;gradient&quot;}\">\n\t\t\t\t\t<div class=\"e-con-inner\">\n\t\t\t\t<div class=\"elementor-element elementor-element-0922de2 elementor-widget__width-initial elementor-widget-mobile__width-inherit elementor-widget elementor-widget-text-editor\" data-id=\"0922de2\" data-element_type=\"widget\" data-e-type=\"widget\" data-widget_type=\"text-editor.default\">\n\t\t\t\t<div class=\"elementor-widget-container\">\n\t\t\t\t\t\t\t\t\t<h5>ANGABEN GEM\u00c4\u00df \u00a7 5 TMG<\/h5><p class=\"tech\">TechNow GmbH<\/p><p>c\/o Dariush Franczak<\/p><p>Immanuelkirchstra\u00dfe 34<\/p><p>10405 Berlin<\/p><p>+49 171 5422724<\/p><p>dariush@tech-now.io<\/p><h4>\u00a0<\/h4><h4><span class=\"heading-main\">GESCH\u00c4FTSF\u00dcHRER:<\/span><\/h4><p>Dariush Franczak, Sanjay Yadav<\/p><h4>\u00a0<\/h4><h4><span class=\"heading-main\">REGISTEREINTRAG:<\/span><\/h4><p>Eintragung im Handelsregister.Registergericht: Berlin (Charlottenburg) Handelsregisternummer: HRB 252101 B Steuernummer: 37\/555\/52150<\/p><h4>\u00a0<\/h4><h4><span class=\"heading-main\">WEITERE ONLINE-PR\u00c4SENZ:<\/span><\/h4><p>Die o.g. Informationen gelten ebenfalls f\u00fcr die folgenden Web-Auftritte:Linkedin: https:\/\/www.linkedin.com\/company\/digitalesdeutschland<\/p><h4>\u00a0<\/h4><h4><span class=\"heading-main\">DISCLAIMER \u2013 RECHTLICHE HINWEISE<\/span><\/h4><ul class=\"imprint-ul\"><li>Information zur Online-Streitbeilegung<p>Die Europ\u00e4ische Kommission stellt eine Plattform zur Online-Streitbeilegung (OS) bereit, die Sie unter http:\/\/ec.europa.eu\/consumers\/odr\/ finden. Zur Teilnahme an einem Streitbeilegungsverfahren vor einer Verbraucherschlichtungsstelle sind wir nicht verpflichtet und nicht bereit.<\/p><\/li><li>Warnhinweis zu Inhalten<p>Als Diensteanbieter sind wir gem\u00e4\u00df \u00a7 7 Abs.1 TMG f\u00fcr eigene Inhalte auf diesen Seiten nach den allgemeinen Gesetzen verantwortlich. Nach \u00a7\u00a7 8 bis 10 TMG sind wir als Diensteanbieter jedoch nicht verpflichtet, \u00fcbermittelte oder gespeicherte fremde Informationen zu \u00fcberwachen oder nach Umst\u00e4nden zu forschen, die auf eine rechtswidrige T\u00e4tigkeit hinweisen. Verpflichtungen zur Entfernung oder Sperrung der Nutzung von Informationen nach den allgemeinen Gesetzen bleiben hiervon unber\u00fchrt. Eine diesbez\u00fcgliche Haftung ist jedoch erst ab dem Zeitpunkt der Kenntnis einer konkreten Rechtsverletzung m\u00f6glich. Bei Bekanntwerden von entsprechenden Rechtsverletzungen werden wir diese Inhalte umgehend entfernen.<\/p><\/li><li>Externe Links<p>Diese Website enth\u00e4lt Verkn\u00fcpfungen zu Websites Dritter (\u201eexterne Links\u201c). Diese Websites unterliegen der Haftung der jeweiligen Betreiber. Der Anbieter hat bei der erstmaligen Verkn\u00fcpfung der externen Links die fremden Inhalte daraufhin \u00fcberpr\u00fcft, ob etwaige Rechtsverst\u00f6\u00dfe bestehen. Zu dem Zeitpunkt waren keine Rechtsverst\u00f6\u00dfe ersichtlich. Der Anbieter hat keinerlei Einfluss auf die aktuelle und zuk\u00fcnftige Gestaltung und auf die Inhalte der verkn\u00fcpften Seiten. Das Setzen von externen Links bedeutet nicht, dass sich der Anbieter die hinter dem Verweis oder Link liegenden Inhalte zu Eigen macht. Eine st\u00e4ndige Kontrolle der externen Links ist f\u00fcr den Anbieter ohne konkrete Hinweise auf Rechtsverst\u00f6\u00dfe nicht zumutbar. Bei Kenntnis von Rechtsverst\u00f6\u00dfen werden jedoch derartige externe Links unverz\u00fcglich gel\u00f6scht.<\/p><\/li><li>Urheber- und Leistungsschutzrechte<p>Die auf dieser Website ver\u00f6ffentlichten Inhalte unterliegen dem deutschen Urheber- und Leistungsschutzrecht. Jede vom deutschen Urheber- und Leistungsschutzrecht nicht zugelassene Verwertung bedarf der vorherigen schriftlichen Zustimmung des Anbieters oder jeweiligen Rechteinhabers. Dies gilt insbesondere f\u00fcr Vervielf\u00e4ltigung, Bearbeitung, \u00dcbersetzung, Einspeicherung, Verarbeitung bzw. Wiedergabe von Inhalten in Datenbanken oder anderen elektronischen Medien und Systemen. Inhalte und Rechte Dritter sind dabei als solche gekennzeichnet. Die unerlaubte Vervielf\u00e4ltigung oder Weitergabe einzelner Inhalte oder kompletter Seiten ist nicht gestattet und strafbar. Lediglich die Herstellung von Kopien und Downloads f\u00fcr den pers\u00f6nlichen, privaten und nicht kommerziellen Gebrauch ist erlaubt. Die Darstellung dieser Website in fremden Frames ist nur mit schriftlicher Erlaubnis zul\u00e4ssig.<\/p><\/li><li>Besondere Nutzungsbedingungen<p>Soweit besondere Bedingungen f\u00fcr einzelne Nutzungen dieser Website von den vorgenannten Paragraphen abweichen, wird an entsprechender Stelle ausdr\u00fccklich darauf hingewiesen. In diesem Falle gelten im jeweiligen Einzelfall die besonderen Nutzungsbedingungen.<\/p><\/li><\/ul><h4>\u00a0<\/h4><h4><span class=\"heading-main\">Google Analytics:<\/span><\/h4><p>Diese Website benutzt Google\u2122 Analytics, einen Webanalysedienst der Google Inc. (\u201eGoogle\u201c). Google Analytics verwendet sog. \u201eCookies\u201c, Textdateien, die auf Ihrem Computer gespeichert werden und die eine Analyse der Benutzung der Website durch Sie erm\u00f6glichen. Die durch den Cookie erzeugten Informationen \u00fcber Ihre Benutzung dieser Website (einschlie\u00dflich Ihrer IP-Adresse) wird an einen Server von Google in den USA \u00fcbertragen und dort gespeichert. Google wird diese Informationen benutzen, um Ihre Nutzung der Website auszuwerten, um Reports \u00fcber die Websiteaktivit\u00e4ten f\u00fcr die Websitebetreiber zusammenzustellen und um weitere mit der Websitenutzung und der Internetnutzung verbundene Dienstleistungen zu erbringen. Auch wird Google diese Informationen gegebenenfalls an Dritte \u00fcbertragen, sofern dies gesetzlich vorgeschrieben oder soweit Dritte diese Daten im Auftrag von Google verarbeiten. Google wird in keinem Fall Ihre IP-Adresse mit anderen Daten von Google in Verbindung bringen. Sie k\u00f6nnen die Installation der Cookies durch eine entsprechende Einstellung Ihrer Browser Software verhindern; wir weisen Sie jedoch darauf hin, dass Sie in diesem Fall gegebenenfalls nicht s\u00e4mtliche Funktionen dieser Website vollumf\u00e4nglich nutzen k\u00f6nnen. Durch die Nutzung dieser Website erkl\u00e4ren Sie sich mit der Bearbeitung der \u00fcber Sie erhobenen Daten durch Google in der zuvor beschriebenen Art und Weise und zu dem zuvor benannten Zweck einverstanden.<\/p><p>Die auf www.tech-now.io verwendeten Bilder stammen aus folgenden Quellen: iStock, Pexels<\/p>\t\t\t\t\t\t\t\t<\/div>\n\t\t\t\t<\/div>\n\t\t\t\t\t<\/div>\n\t\t\t\t<\/div>\n\t\t\t\t<\/div>","protected":false},"excerpt":{"rendered":"<p>ANGABEN GEM\u00c4\u00df \u00a7 5 TMG TechNow GmbH c\/o Dariush Franczak Immanuelkirchstra\u00dfe 34 10405 Berlin +49 171 5422724 dariush@tech-now.io \u00a0 GESCH\u00c4FTSF\u00dcHRER: Dariush Franczak, Sanjay Yadav \u00a0 REGISTEREINTRAG: Eintragung im Handelsregister.Registergericht: Berlin (Charlottenburg) Handelsregisternummer: HRB 252101 B Steuernummer: 37\/555\/52150 \u00a0 WEITERE ONLINE-PR\u00c4SENZ: Die o.g. Informationen gelten ebenfalls f\u00fcr die folgenden Web-Auftritte:Linkedin: https:\/\/www.linkedin.com\/company\/digitalesdeutschland \u00a0 DISCLAIMER \u2013 RECHTLICHE HINWEISE [&hellip;]<\/p>","protected":false},"author":1,"featured_media":0,"parent":0,"menu_order":0,"comment_status":"closed","ping_status":"closed","template":"elementor_header_footer","meta":{"footnotes":""},"class_list":["post-1105","page","type-page","status-publish","hentry"],"_links":{"self":[{"href":"https:\/\/fluent.aryavarttls.org\/en\/wp-json\/wp\/v2\/pages\/1105","targetHints":{"allow":["GET"]}}],"collection":[{"href":"https:\/\/fluent.aryavarttls.org\/en\/wp-json\/wp\/v2\/pages"}],"about":[{"href":"https:\/\/fluent.aryavarttls.org\/en\/wp-json\/wp\/v2\/types\/page"}],"author":[{"embeddable":true,"href":"https:\/\/fluent.aryavarttls.org\/en\/wp-json\/wp\/v2\/users\/1"}],"replies":[{"embeddable":true,"href":"https:\/\/fluent.aryavarttls.org\/en\/wp-json\/wp\/v2\/comments?post=1105"}],"version-history":[{"count":0,"href":"https:\/\/fluent.aryavarttls.org\/en\/wp-json\/wp\/v2\/pages\/1105\/revisions"}],"wp:attachment":[{"href":"https:\/\/fluent.aryavarttls.org\/en\/wp-json\/wp\/v2\/media?parent=1105"}],"curies":[{"name":"wp","href":"https:\/\/api.w.org\/{rel}","templated":true}]}}